{"id":14159,"date":"2021-02-20T12:55:49","date_gmt":"2021-02-20T10:55:49","guid":{"rendered":"http:\/\/creactivity.org.ro\/?page_id=14159"},"modified":"2023-08-19T16:42:08","modified_gmt":"2023-08-19T14:42:08","slug":"onkentesseg","status":"publish","type":"page","link":"https:\/\/creactivity.org.ro\/hu\/onkentesseg\/","title":{"rendered":"\u00d6nk\u00e9ntess\u00e9g"},"content":{"rendered":"\t\t<div data-elementor-type=\"wp-page\" data-elementor-id=\"14159\" class=\"elementor elementor-14159\">\n\t\t\t\t\t\t<section class=\"elementor-section elementor-top-section elementor-element elementor-element-0f6d41f elementor-section-full_width elementor-section-height-min-height elementor-section-content-middle elementor-section-height-default elementor-section-items-middle\" data-id=\"0f6d41f\" data-element_type=\"section\" data-e-type=\"section\" data-settings=\"{&quot;background_background&quot;:&quot;classic&quot;}\">\n\t\t\t\t\t\t<div class=\"elementor-container elementor-column-gap-no\">\n\t\t\t\t\t<div class=\"elementor-column elementor-col-100 elementor-top-column elementor-element elementor-element-4c710c1\" data-id=\"4c710c1\" data-element_type=\"column\" data-e-type=\"column\">\n\t\t\t<div class=\"elementor-widget-wrap elementor-element-populated\">\n\t\t\t\t\t\t<section class=\"elementor-section elementor-inner-section elementor-element elementor-element-652d978 elementor-section-full_width elementor-section-height-min-height elementor-section-content-middle elementor-section-height-default\" data-id=\"652d978\" data-element_type=\"section\" data-e-type=\"section\">\n\t\t\t\t\t\t<div class=\"elementor-container elementor-column-gap-default\">\n\t\t\t\t\t<div class=\"elementor-column elementor-col-100 elementor-inner-column elementor-element elementor-element-52c8530\" data-id=\"52c8530\" data-element_type=\"column\" data-e-type=\"column\">\n\t\t\t<div class=\"elementor-widget-wrap elementor-element-populated\">\n\t\t\t\t\t\t<div class=\"elementor-element elementor-element-cf48d9f elementor-widget elementor-widget-heading\" data-id=\"cf48d9f\" data-element_type=\"widget\" data-e-type=\"widget\" data-widget_type=\"heading.default\">\n\t\t\t\t<div class=\"elementor-widget-container\">\n\t\t\t\t\t<h1 class=\"elementor-heading-title elementor-size-default\">\u00d6nk\u00e9ntess\u00e9g<\/h1>\t\t\t\t<\/div>\n\t\t\t\t<\/div>\n\t\t\t\t\t<\/div>\n\t\t<\/div>\n\t\t\t\t\t<\/div>\n\t\t<\/section>\n\t\t\t\t\t<\/div>\n\t\t<\/div>\n\t\t\t\t\t<\/div>\n\t\t<\/section>\n\t\t\t\t<section class=\"elementor-section elementor-top-section elementor-element elementor-element-d72aed9 elementor-section-boxed elementor-section-height-default elementor-section-height-default\" data-id=\"d72aed9\" data-element_type=\"section\" data-e-type=\"section\">\n\t\t\t\t\t\t<div class=\"elementor-container elementor-column-gap-default\">\n\t\t\t\t\t<div class=\"elementor-column elementor-col-100 elementor-top-column elementor-element elementor-element-52ea3d4\" data-id=\"52ea3d4\" data-element_type=\"column\" data-e-type=\"column\">\n\t\t\t<div class=\"elementor-widget-wrap elementor-element-populated\">\n\t\t\t\t\t\t<div class=\"elementor-element elementor-element-b16d016 elementor-widget elementor-widget-text-editor\" data-id=\"b16d016\" data-element_type=\"widget\" data-e-type=\"widget\" data-widget_type=\"text-editor.default\">\n\t\t\t\t<div class=\"elementor-widget-container\">\n\t\t\t\t\t\t\t\t\t<p>A Creactivity k\u00fcldet\u00e9se: az erd\u00e9lyi magyar gyerekanim\u00e1tor kult\u00fara fejleszt\u00e9se \u00e9s terjeszt\u00e9se az\u00e1ltal, hogy fiatalokat toborzunk \u00f6nk\u00e9ntes munk\u00e1ra, gyerekanim\u00e1toroknak k\u00e9pezz\u00fck ki \u0151ket, lehet\u0151s\u00e9get biztos\u00edtva t\u00e1borainkban \u00e9s gyerekrendezv\u00e9nyeinken a szakma gyakorl\u00e1s\u00e1ra.<\/p>\t\t\t\t\t\t\t\t<\/div>\n\t\t\t\t<\/div>\n\t\t\t\t\t<\/div>\n\t\t<\/div>\n\t\t\t\t\t<\/div>\n\t\t<\/section>\n\t\t\t\t<section class=\"elementor-section elementor-top-section elementor-element elementor-element-fafcdb9 elementor-section-boxed elementor-section-height-default elementor-section-height-default\" data-id=\"fafcdb9\" data-element_type=\"section\" data-e-type=\"section\">\n\t\t\t\t\t\t<div class=\"elementor-container elementor-column-gap-default\">\n\t\t\t\t\t<div class=\"elementor-column elementor-col-100 elementor-top-column elementor-element elementor-element-924567b\" data-id=\"924567b\" data-element_type=\"column\" data-e-type=\"column\">\n\t\t\t<div class=\"elementor-widget-wrap elementor-element-populated\">\n\t\t\t\t\t\t<div class=\"elementor-element elementor-element-69c7c6c elementor-widget elementor-widget-text-editor\" data-id=\"69c7c6c\" data-element_type=\"widget\" data-e-type=\"widget\" data-widget_type=\"text-editor.default\">\n\t\t\t\t<div class=\"elementor-widget-container\">\n\t\t\t\t\t\t\t\t\t<p>A Creactivity Egyes\u00fclet f\u0151 c\u00e9lja meghonos\u00edtani a gyerekanim\u00e1tor-kult\u00far\u00e1t Erd\u00e9lyben, az\u00e1ltal, hogy min\u0151s\u00e9gi kultur\u00e1lis rendezv\u00e9nyeket szervez Erd\u00e9ly k\u00fcl\u00f6nb\u00f6z\u0151 pontjain. A gyerek- \u00e9s ifj\u00fas\u00e1gi rendezv\u00e9nyeink legf\u0151bb t\u00f6rekv\u00e9se: mind a r\u00e9sztvev\u0151knek,mind az \u00f6nk\u00e9ntes szervez\u0151knek a k\u00f6z\u00f6ss\u00e9g, az \u00f6sszetartoz\u00e1s \u00e9rz\u00e9s\u00e9t ny\u00fajtani. Rendezv\u00e9nyeink, k\u00e9pz\u00e9seink, tev\u00e9kenys\u00e9geink \u00e9rt\u00e9kei:<br \/>hazavihet\u0151s\u00e9g, a j\u00e1tszva tanul\u00e1s, a tolerancia \u00e9s a hagyom\u00e1ny\u0151rz\u00e9s. Olvas\u00e1sra \u00e9s spotol\u00e1sra nevel\u00e9s valamint az egy\u00e9nek szabadidej\u00e9nek leghat\u00e9konyabb \u00e9s sokoldal\u00fabb elt\u00f6lt\u00e9se, innovat\u00edv j\u00e1t\u00e9kszervez\u00e9s \u00e9s j\u00e1t\u00e9kvezet\u00e9s \u00e1ltal.<\/p>\t\t\t\t\t\t\t\t<\/div>\n\t\t\t\t<\/div>\n\t\t\t\t\t<\/div>\n\t\t<\/div>\n\t\t\t\t\t<\/div>\n\t\t<\/section>\n\t\t\t\t<\/div>\n\t\t","protected":false},"excerpt":{"rendered":"<p>\u00d6nk\u00e9ntess\u00e9g A Creactivity k\u00fcldet\u00e9se: az erd\u00e9lyi magyar gyerekanim\u00e1tor kult\u00fara fejleszt\u00e9se \u00e9s terjeszt\u00e9se az\u00e1ltal, hogy fiatalokat toborzunk \u00f6nk\u00e9ntes munk\u00e1ra, gyerekanim\u00e1toroknak k\u00e9pezz\u00fck ki \u0151ket, lehet\u0151s\u00e9get biztos\u00edtva t\u00e1borainkban \u00e9s gyerekrendezv\u00e9nyeinken a szakma gyakorl\u00e1s\u00e1ra. A Creactivity Egyes\u00fclet f\u0151 c\u00e9lja meghonos\u00edtani a gyerekanim\u00e1tor-kult\u00far\u00e1t Erd\u00e9lyben, az\u00e1ltal, hogy min\u0151s\u00e9gi kultur\u00e1lis rendezv\u00e9nyeket szervez Erd\u00e9ly k\u00fcl\u00f6nb\u00f6z\u0151 pontjain. A gyerek- \u00e9s ifj\u00fas\u00e1gi rendezv\u00e9nyeink legf\u0151bb t\u00f6rekv\u00e9se: &#8230; <\/p>\n<p class=\"read-more-container\"><a title=\"\u00d6nk\u00e9ntess\u00e9g\" class=\"read-more button\" href=\"https:\/\/creactivity.org.ro\/hu\/onkentesseg\/#more-14159\">Read more<span class=\"screen-reader-text\">\u00d6nk\u00e9ntess\u00e9g<\/span><\/a><\/p>\n","protected":false},"author":1,"featured_media":0,"parent":0,"menu_order":0,"comment_status":"closed","ping_status":"closed","template":"elementor_header_footer","meta":{"footnotes":""},"class_list":{"0":"post-14159","1":"page","2":"type-page","3":"status-publish","5":"no-featured-image-padding"},"_links":{"self":[{"href":"https:\/\/creactivity.org.ro\/hu\/wp-json\/wp\/v2\/pages\/14159","targetHints":{"allow":["GET"]}}],"collection":[{"href":"https:\/\/creactivity.org.ro\/hu\/wp-json\/wp\/v2\/pages"}],"about":[{"href":"https:\/\/creactivity.org.ro\/hu\/wp-json\/wp\/v2\/types\/page"}],"author":[{"embeddable":true,"href":"https:\/\/creactivity.org.ro\/hu\/wp-json\/wp\/v2\/users\/1"}],"replies":[{"embeddable":true,"href":"https:\/\/creactivity.org.ro\/hu\/wp-json\/wp\/v2\/comments?post=14159"}],"version-history":[{"count":14,"href":"https:\/\/creactivity.org.ro\/hu\/wp-json\/wp\/v2\/pages\/14159\/revisions"}],"predecessor-version":[{"id":14806,"href":"https:\/\/creactivity.org.ro\/hu\/wp-json\/wp\/v2\/pages\/14159\/revisions\/14806"}],"wp:attachment":[{"href":"https:\/\/creactivity.org.ro\/hu\/wp-json\/wp\/v2\/media?parent=14159"}],"curies":[{"name":"wp","href":"https:\/\/api.w.org\/{rel}","templated":true}]}}