{"id":13311,"date":"2018-02-08T17:29:48","date_gmt":"2018-02-08T15:29:48","guid":{"rendered":"https:\/\/gpstartersites.com\/nouveau\/?page_id=13311"},"modified":"2023-08-19T16:13:53","modified_gmt":"2023-08-19T14:13:53","slug":"projektek","status":"publish","type":"page","link":"https:\/\/creactivity.org.ro\/hu\/projektek\/","title":{"rendered":"Projektek"},"content":{"rendered":"\t\t<div data-elementor-type=\"wp-post\" data-elementor-id=\"13311\" class=\"elementor elementor-13311\">\n\t\t\t\t\t\t<section class=\"elementor-section elementor-top-section elementor-element elementor-element-533475e7 elementor-section-content-middle elementor-section-full_width elementor-section-height-default elementor-section-height-default\" data-id=\"533475e7\" data-element_type=\"section\" data-e-type=\"section\" data-settings=\"{&quot;background_background&quot;:&quot;classic&quot;}\">\n\t\t\t\t\t\t<div class=\"elementor-container elementor-column-gap-no\">\n\t\t\t\t\t<div class=\"elementor-column elementor-col-100 elementor-top-column elementor-element elementor-element-225bad8a\" data-id=\"225bad8a\" data-element_type=\"column\" data-e-type=\"column\" data-settings=\"{&quot;background_background&quot;:&quot;classic&quot;}\">\n\t\t\t<div class=\"elementor-widget-wrap elementor-element-populated\">\n\t\t\t\t\t\t<section class=\"elementor-section elementor-inner-section elementor-element elementor-element-b42e8b0 elementor-section-full_width elementor-section-height-min-height elementor-section-content-middle elementor-section-height-default\" data-id=\"b42e8b0\" data-element_type=\"section\" data-e-type=\"section\">\n\t\t\t\t\t\t<div class=\"elementor-container elementor-column-gap-default\">\n\t\t\t\t\t<div class=\"elementor-column elementor-col-100 elementor-inner-column elementor-element elementor-element-5a45ea3\" data-id=\"5a45ea3\" data-element_type=\"column\" data-e-type=\"column\">\n\t\t\t<div class=\"elementor-widget-wrap elementor-element-populated\">\n\t\t\t\t\t\t<div class=\"elementor-element elementor-element-20062ae e-transform elementor-widget elementor-widget-heading\" data-id=\"20062ae\" data-element_type=\"widget\" data-e-type=\"widget\" data-settings=\"{&quot;_transform_scaleX_effect&quot;:{&quot;unit&quot;:&quot;px&quot;,&quot;size&quot;:&quot;&quot;,&quot;sizes&quot;:[]},&quot;_transform_scaleX_effect_tablet&quot;:{&quot;unit&quot;:&quot;px&quot;,&quot;size&quot;:&quot;&quot;,&quot;sizes&quot;:[]},&quot;_transform_scaleX_effect_mobile&quot;:{&quot;unit&quot;:&quot;px&quot;,&quot;size&quot;:&quot;&quot;,&quot;sizes&quot;:[]},&quot;_transform_scaleY_effect&quot;:{&quot;unit&quot;:&quot;px&quot;,&quot;size&quot;:&quot;&quot;,&quot;sizes&quot;:[]},&quot;_transform_scaleY_effect_tablet&quot;:{&quot;unit&quot;:&quot;px&quot;,&quot;size&quot;:&quot;&quot;,&quot;sizes&quot;:[]},&quot;_transform_scaleY_effect_mobile&quot;:{&quot;unit&quot;:&quot;px&quot;,&quot;size&quot;:&quot;&quot;,&quot;sizes&quot;:[]}}\" data-widget_type=\"heading.default\">\n\t\t\t\t<div class=\"elementor-widget-container\">\n\t\t\t\t\t<h1 class=\"elementor-heading-title elementor-size-default\">Projektek<\/h1>\t\t\t\t<\/div>\n\t\t\t\t<\/div>\n\t\t\t\t\t<\/div>\n\t\t<\/div>\n\t\t\t\t\t<\/div>\n\t\t<\/section>\n\t\t\t\t\t<\/div>\n\t\t<\/div>\n\t\t\t\t\t<\/div>\n\t\t<\/section>\n\t\t\t\t<section class=\"elementor-section elementor-top-section elementor-element elementor-element-9f22ed5 elementor-section-boxed elementor-section-height-default elementor-section-height-default\" data-id=\"9f22ed5\" data-element_type=\"section\" data-e-type=\"section\">\n\t\t\t\t\t\t<div class=\"elementor-container elementor-column-gap-default\">\n\t\t\t\t\t<div class=\"elementor-column elementor-col-100 elementor-top-column elementor-element elementor-element-48ae45e\" data-id=\"48ae45e\" data-element_type=\"column\" data-e-type=\"column\">\n\t\t\t<div class=\"elementor-widget-wrap elementor-element-populated\">\n\t\t\t\t\t\t<div class=\"elementor-element elementor-element-40ff822 elementor-widget elementor-widget-shortcode\" data-id=\"40ff822\" data-element_type=\"widget\" data-e-type=\"widget\" data-widget_type=\"shortcode.default\">\n\t\t\t\t<div class=\"elementor-widget-container\">\n\t\t\t\t\t\t\t<div class=\"elementor-shortcode\"><div class=\"rt-container-fluid tlp-portfolio tlp-portfolio-container\" id=\"tlp-portfolio-container-14504\" data-layout=\"layout1\"><div class=\"rt-row layout1 \" data-title='Loading ...'>\r\n<div class=\"tlp-col-md-4 tlp-col-sm-6 tlp-col-xs-12 tlp-single-item tlp-grid-item tlp-equal-height\">\r\n\t<div class=\"tlp-portfolio-item\">\r\n\t\t\t\t\t\t\t\t\t<div class=\"tlp-portfolio-thum tlp-item\">\r\n\t\t\t<img fetchpriority=\"high\" decoding=\"async\" width=\"350\" height=\"250\" src=\"https:\/\/creactivity.org.ro\/wp-content\/uploads\/2023\/08\/cover-egeszsegugyi-kepzes-esemenyfoto-350x250.jpg\" class=\"img-responsive\" alt=\"\" \/>\r\n\t\t\t<div class=\"tlp-overlay\">\r\n\t\t\t\t<p class=\"link-icon\">\r\n\t\t\t\t\t<a class=\"tlp-zoom\" href=\"https:\/\/creactivity.org.ro\/wp-content\/uploads\/2023\/08\/cover-egeszsegugyi-kepzes-esemenyfoto.jpg\" aria-label=\"Els\u0151seg\u00e9lyny\u00fajt\u00e1si K\u00e9pz\u00e9s Creactivity -\u00d6nk\u00e9nteseknek, 2020\"><i class=\"demo-icon icon-zoom-in\"><\/i><\/a>\r\n\t\t\t\t\t<a href=\"https:\/\/creactivity.org.ro\/hu\/portfolio\/elsosegelynyujtasi-kepzes-creactivity-onkenteseknek-2020\/\" aria-label=\"Els\u0151seg\u00e9lyny\u00fajt\u00e1si K\u00e9pz\u00e9s Creactivity -\u00d6nk\u00e9nteseknek, 2020\"><i class=\"demo-icon icon-link-ext\"><\/i><\/a>\r\n\t\t\t\t<\/p>\r\n\t\t\t<\/div>\r\n\t\t<\/div><div class=\"tlp-content\">\r\n                        <div class=\"tlp-content-holder\">\r\n                            <h3><a href=\"https:\/\/creactivity.org.ro\/hu\/portfolio\/elsosegelynyujtasi-kepzes-creactivity-onkenteseknek-2020\/\" aria-label=\"Els\u0151seg\u00e9lyny\u00fajt\u00e1si K\u00e9pz\u00e9s Creactivity -\u00d6nk\u00e9nteseknek, 2020\">Els\u0151seg\u00e9lyny\u00fajt\u00e1si K\u00e9pz\u00e9s Creactivity -\u00d6nk\u00e9nteseknek, 2020<\/a><\/h3>\r\n                            \r\n                        <\/div>\r\n                    <\/div>\t<\/div>\r\n<\/div>\r\n\r\n\r\n<div class=\"tlp-col-md-4 tlp-col-sm-6 tlp-col-xs-12 tlp-single-item tlp-grid-item tlp-equal-height\">\r\n\t<div class=\"tlp-portfolio-item\">\r\n\t\t\t\t\t\t\t\t\t<div class=\"tlp-portfolio-thum tlp-item\">\r\n\t\t\t<img decoding=\"async\" width=\"350\" height=\"250\" src=\"https:\/\/creactivity.org.ro\/wp-content\/uploads\/2023\/08\/cover-Digitalis-fenykepezes-kepzes--350x250.jpg\" class=\"img-responsive\" alt=\"\" \/>\r\n\t\t\t<div class=\"tlp-overlay\">\r\n\t\t\t\t<p class=\"link-icon\">\r\n\t\t\t\t\t<a class=\"tlp-zoom\" href=\"https:\/\/creactivity.org.ro\/wp-content\/uploads\/2023\/08\/cover-Digitalis-fenykepezes-kepzes-.jpg\" aria-label=\"Digit\u00e1lis f\u00e9nyk\u00e9pez\u00e9s- k\u00e9pz\u00e9s a  Creactivity \u00d6nk\u00e9nteseknek, 2020 okt\u00f3ber 6,13,16\"><i class=\"demo-icon icon-zoom-in\"><\/i><\/a>\r\n\t\t\t\t\t<a href=\"https:\/\/creactivity.org.ro\/hu\/portfolio\/digitalis-fenykepezes-kepzes-a-creactivity-onkenteseknek-2020-oktober-61316\/\" aria-label=\"Digit\u00e1lis f\u00e9nyk\u00e9pez\u00e9s- k\u00e9pz\u00e9s a  Creactivity \u00d6nk\u00e9nteseknek, 2020 okt\u00f3ber 6,13,16\"><i class=\"demo-icon icon-link-ext\"><\/i><\/a>\r\n\t\t\t\t<\/p>\r\n\t\t\t<\/div>\r\n\t\t<\/div><div class=\"tlp-content\">\r\n                        <div class=\"tlp-content-holder\">\r\n                            <h3><a href=\"https:\/\/creactivity.org.ro\/hu\/portfolio\/digitalis-fenykepezes-kepzes-a-creactivity-onkenteseknek-2020-oktober-61316\/\" aria-label=\"Digit\u00e1lis f\u00e9nyk\u00e9pez\u00e9s- k\u00e9pz\u00e9s a  Creactivity \u00d6nk\u00e9nteseknek, 2020 okt\u00f3ber 6,13,16\">Digit\u00e1lis f\u00e9nyk\u00e9pez\u00e9s- k\u00e9pz\u00e9s a  Creactivity \u00d6nk\u00e9nteseknek, 2020 okt\u00f3ber 6,13,16<\/a><\/h3>\r\n                            \r\n                        <\/div>\r\n                    <\/div>\t<\/div>\r\n<\/div>\r\n\r\n\r\n<div class=\"tlp-col-md-4 tlp-col-sm-6 tlp-col-xs-12 tlp-single-item tlp-grid-item tlp-equal-height\">\r\n\t<div class=\"tlp-portfolio-item\">\r\n\t\t\t\t\t\t\t\t\t<div class=\"tlp-portfolio-thum tlp-item\">\r\n\t\t\t<img decoding=\"async\" width=\"350\" height=\"250\" src=\"https:\/\/creactivity.org.ro\/wp-content\/uploads\/2023\/08\/cover-oszi-kavalkad-350x250.jpg\" class=\"img-responsive\" alt=\"\" \/>\r\n\t\t\t<div class=\"tlp-overlay\">\r\n\t\t\t\t<p class=\"link-icon\">\r\n\t\t\t\t\t<a class=\"tlp-zoom\" href=\"https:\/\/creactivity.org.ro\/wp-content\/uploads\/2023\/08\/cover-oszi-kavalkad.jpg\" aria-label=\"\u0150szi kavalk\u00e1d, 2020 szeptember 25,28 \u00e9s 29\"><i class=\"demo-icon icon-zoom-in\"><\/i><\/a>\r\n\t\t\t\t\t<a href=\"https:\/\/creactivity.org.ro\/hu\/portfolio\/oszi-kavalkad-2020-szeptember-2528-es-29\/\" aria-label=\"\u0150szi kavalk\u00e1d, 2020 szeptember 25,28 \u00e9s 29\"><i class=\"demo-icon icon-link-ext\"><\/i><\/a>\r\n\t\t\t\t<\/p>\r\n\t\t\t<\/div>\r\n\t\t<\/div><div class=\"tlp-content\">\r\n                        <div class=\"tlp-content-holder\">\r\n                            <h3><a href=\"https:\/\/creactivity.org.ro\/hu\/portfolio\/oszi-kavalkad-2020-szeptember-2528-es-29\/\" aria-label=\"\u0150szi kavalk\u00e1d, 2020 szeptember 25,28 \u00e9s 29\">\u0150szi kavalk\u00e1d, 2020 szeptember 25,28 \u00e9s 29<\/a><\/h3>\r\n                            \r\n                        <\/div>\r\n                    <\/div>\t<\/div>\r\n<\/div>\r\n\r\n\r\n<div class=\"tlp-col-md-4 tlp-col-sm-6 tlp-col-xs-12 tlp-single-item tlp-grid-item tlp-equal-height\">\r\n\t<div class=\"tlp-portfolio-item\">\r\n\t\t\t\t\t\t\t\t\t<div class=\"tlp-portfolio-thum tlp-item\">\r\n\t\t\t<img loading=\"lazy\" decoding=\"async\" width=\"350\" height=\"250\" src=\"https:\/\/creactivity.org.ro\/wp-content\/uploads\/2023\/08\/118824115_2778712939120465_113092665295496165_n-350x250.jpg\" class=\"img-responsive\" alt=\"\" \/>\r\n\t\t\t<div class=\"tlp-overlay\">\r\n\t\t\t\t<p class=\"link-icon\">\r\n\t\t\t\t\t<a class=\"tlp-zoom\" href=\"https:\/\/creactivity.org.ro\/wp-content\/uploads\/2023\/08\/118824115_2778712939120465_113092665295496165_n.jpg\" aria-label=\"Ny\u00e1ri Kavalk\u00e1d, 2020 szeptember 7-11\"><i class=\"demo-icon icon-zoom-in\"><\/i><\/a>\r\n\t\t\t\t\t<a href=\"https:\/\/creactivity.org.ro\/hu\/portfolio\/nyari-kavalkad\/\" aria-label=\"Ny\u00e1ri Kavalk\u00e1d, 2020 szeptember 7-11\"><i class=\"demo-icon icon-link-ext\"><\/i><\/a>\r\n\t\t\t\t<\/p>\r\n\t\t\t<\/div>\r\n\t\t<\/div><div class=\"tlp-content\">\r\n                        <div class=\"tlp-content-holder\">\r\n                            <h3><a href=\"https:\/\/creactivity.org.ro\/hu\/portfolio\/nyari-kavalkad\/\" aria-label=\"Ny\u00e1ri Kavalk\u00e1d, 2020 szeptember 7-11\">Ny\u00e1ri Kavalk\u00e1d, 2020 szeptember 7-11<\/a><\/h3>\r\n                            \r\n                        <\/div>\r\n                    <\/div>\t<\/div>\r\n<\/div>\r\n\r\n\r\n<div class=\"tlp-col-md-4 tlp-col-sm-6 tlp-col-xs-12 tlp-single-item tlp-grid-item tlp-equal-height\">\r\n\t<div class=\"tlp-portfolio-item\">\r\n\t\t\t\t\t\t\t\t\t<div class=\"tlp-portfolio-thum tlp-item\">\r\n\t\t\t<img loading=\"lazy\" decoding=\"async\" width=\"350\" height=\"250\" src=\"https:\/\/creactivity.org.ro\/wp-content\/uploads\/2023\/08\/Rendezvenyszervezos-tabor-cover-350x250.jpg\" class=\"img-responsive\" alt=\"\" \/>\r\n\t\t\t<div class=\"tlp-overlay\">\r\n\t\t\t\t<p class=\"link-icon\">\r\n\t\t\t\t\t<a class=\"tlp-zoom\" href=\"https:\/\/creactivity.org.ro\/wp-content\/uploads\/2023\/08\/Rendezvenyszervezos-tabor-cover.jpg\" aria-label=\"Creactivity T\u00e1bor \u00d6nk\u00e9nteseknek, 2020 augusztus 16-21\"><i class=\"demo-icon icon-zoom-in\"><\/i><\/a>\r\n\t\t\t\t\t<a href=\"https:\/\/creactivity.org.ro\/hu\/portfolio\/creactivity-tabor-onkenteseknek\/\" aria-label=\"Creactivity T\u00e1bor \u00d6nk\u00e9nteseknek, 2020 augusztus 16-21\"><i class=\"demo-icon icon-link-ext\"><\/i><\/a>\r\n\t\t\t\t<\/p>\r\n\t\t\t<\/div>\r\n\t\t<\/div><div class=\"tlp-content\">\r\n                        <div class=\"tlp-content-holder\">\r\n                            <h3><a href=\"https:\/\/creactivity.org.ro\/hu\/portfolio\/creactivity-tabor-onkenteseknek\/\" aria-label=\"Creactivity T\u00e1bor \u00d6nk\u00e9nteseknek, 2020 augusztus 16-21\">Creactivity T\u00e1bor \u00d6nk\u00e9nteseknek, 2020 augusztus 16-21<\/a><\/h3>\r\n                            \r\n                        <\/div>\r\n                    <\/div>\t<\/div>\r\n<\/div>\r\n\r\n<\/div><\/div><\/div>\n\t\t\t\t\t\t<\/div>\n\t\t\t\t<\/div>\n\t\t\t\t\t<\/div>\n\t\t<\/div>\n\t\t\t\t\t<\/div>\n\t\t<\/section>\n\t\t\t\t<\/div>\n\t\t","protected":false},"excerpt":{"rendered":"<p>Projektek<\/p>\n","protected":false},"author":1,"featured_media":0,"parent":0,"menu_order":0,"comment_status":"closed","ping_status":"closed","template":"","meta":{"footnotes":""},"class_list":["post-13311","page","type-page","status-publish","hentry","no-featured-image-padding"],"_links":{"self":[{"href":"https:\/\/creactivity.org.ro\/hu\/wp-json\/wp\/v2\/pages\/13311","targetHints":{"allow":["GET"]}}],"collection":[{"href":"https:\/\/creactivity.org.ro\/hu\/wp-json\/wp\/v2\/pages"}],"about":[{"href":"https:\/\/creactivity.org.ro\/hu\/wp-json\/wp\/v2\/types\/page"}],"author":[{"embeddable":true,"href":"https:\/\/creactivity.org.ro\/hu\/wp-json\/wp\/v2\/users\/1"}],"replies":[{"embeddable":true,"href":"https:\/\/creactivity.org.ro\/hu\/wp-json\/wp\/v2\/comments?post=13311"}],"version-history":[{"count":15,"href":"https:\/\/creactivity.org.ro\/hu\/wp-json\/wp\/v2\/pages\/13311\/revisions"}],"predecessor-version":[{"id":14775,"href":"https:\/\/creactivity.org.ro\/hu\/wp-json\/wp\/v2\/pages\/13311\/revisions\/14775"}],"wp:attachment":[{"href":"https:\/\/creactivity.org.ro\/hu\/wp-json\/wp\/v2\/media?parent=13311"}],"curies":[{"name":"wp","href":"https:\/\/api.w.org\/{rel}","templated":true}]}}