{"id":13307,"date":"2018-02-08T17:28:14","date_gmt":"2018-02-08T15:28:14","guid":{"rendered":"https:\/\/gpstartersites.com\/nouveau\/?page_id=13307"},"modified":"2023-08-19T16:21:50","modified_gmt":"2023-08-19T14:21:50","slug":"rolunk","status":"publish","type":"page","link":"https:\/\/creactivity.org.ro\/hu\/rolunk\/","title":{"rendered":"R\u00f3lunk"},"content":{"rendered":"\t\t<div data-elementor-type=\"wp-post\" data-elementor-id=\"13307\" class=\"elementor elementor-13307\">\n\t\t\t\t\t\t<section class=\"elementor-section elementor-top-section elementor-element elementor-element-611a25d3 elementor-section-content-middle elementor-section-full_width elementor-section-height-default elementor-section-height-default\" data-id=\"611a25d3\" data-element_type=\"section\" data-e-type=\"section\" data-settings=\"{&quot;background_background&quot;:&quot;classic&quot;}\">\n\t\t\t\t\t\t\t<div class=\"elementor-background-overlay\"><\/div>\n\t\t\t\t\t\t\t<div class=\"elementor-container elementor-column-gap-no\">\n\t\t\t\t\t<div class=\"elementor-column elementor-col-100 elementor-top-column elementor-element elementor-element-52cf2683\" data-id=\"52cf2683\" data-element_type=\"column\" data-e-type=\"column\" data-settings=\"{&quot;background_background&quot;:&quot;classic&quot;}\">\n\t\t\t<div class=\"elementor-widget-wrap elementor-element-populated\">\n\t\t\t\t\t\t<section class=\"elementor-section elementor-inner-section elementor-element elementor-element-4448b264 elementor-section-full_width elementor-section-height-min-height elementor-section-content-middle elementor-section-height-default\" data-id=\"4448b264\" data-element_type=\"section\" data-e-type=\"section\" data-settings=\"{&quot;background_background&quot;:&quot;classic&quot;}\">\n\t\t\t\t\t\t<div class=\"elementor-container elementor-column-gap-default\">\n\t\t\t\t\t<div class=\"elementor-column elementor-col-100 elementor-inner-column elementor-element elementor-element-744c7aff\" data-id=\"744c7aff\" data-element_type=\"column\" data-e-type=\"column\" data-settings=\"{&quot;background_background&quot;:&quot;classic&quot;}\">\n\t\t\t<div class=\"elementor-widget-wrap elementor-element-populated\">\n\t\t\t\t\t\t<div class=\"elementor-element elementor-element-024f88e elementor-widget elementor-widget-heading\" data-id=\"024f88e\" data-element_type=\"widget\" data-e-type=\"widget\" data-widget_type=\"heading.default\">\n\t\t\t\t<div class=\"elementor-widget-container\">\n\t\t\t\t\t<h1 class=\"elementor-heading-title elementor-size-default\">\"Tanul\u00e1si \u00e9lm\u00e9nyt teremt\u00fcnk!\"<\/h1>\t\t\t\t<\/div>\n\t\t\t\t<\/div>\n\t\t\t\t\t<\/div>\n\t\t<\/div>\n\t\t\t\t\t<\/div>\n\t\t<\/section>\n\t\t\t\t\t<\/div>\n\t\t<\/div>\n\t\t\t\t\t<\/div>\n\t\t<\/section>\n\t\t\t\t<section class=\"elementor-section elementor-top-section elementor-element elementor-element-d22f2f2 elementor-section-content-middle elementor-section-boxed elementor-section-height-default elementor-section-height-default\" data-id=\"d22f2f2\" data-element_type=\"section\" data-e-type=\"section\" data-settings=\"{&quot;background_background&quot;:&quot;classic&quot;}\">\n\t\t\t\t\t\t<div class=\"elementor-container elementor-column-gap-default\">\n\t\t\t\t\t<div class=\"elementor-column elementor-col-50 elementor-top-column elementor-element elementor-element-53ec4dc\" data-id=\"53ec4dc\" data-element_type=\"column\" data-e-type=\"column\">\n\t\t\t<div class=\"elementor-widget-wrap elementor-element-populated\">\n\t\t\t\t\t\t<div class=\"elementor-element elementor-element-f34e01a gallery-spacing-custom elementor-widget elementor-widget-image-gallery\" data-id=\"f34e01a\" data-element_type=\"widget\" data-e-type=\"widget\" data-widget_type=\"image-gallery.default\">\n\t\t\t\t<div class=\"elementor-widget-container\">\n\t\t\t\t\t\t\t<div class=\"elementor-image-gallery\">\n\t\t\t<div id='gallery-1' class='gallery galleryid-13307 gallery-columns-2 gallery-size-full'><figure class='gallery-item'>\n\t\t\t<div class='gallery-icon portrait'>\n\t\t\t\t<a data-elementor-open-lightbox=\"yes\" data-elementor-lightbox-slideshow=\"f34e01a\" data-elementor-lightbox-title=\"120756730_2805320873126338_8404735693883153186_n\" data-e-action-hash=\"#elementor-action%3Aaction%3Dlightbox%26settings%3DeyJpZCI6MTQ1OTksInVybCI6Imh0dHBzOlwvXC9jcmVhY3Rpdml0eS5vcmcucm9cL3dwLWNvbnRlbnRcL3VwbG9hZHNcLzIwMjNcLzA4XC8xMjA3NTY3MzBfMjgwNTMyMDg3MzEyNjMzOF84NDA0NzM1NjkzODgzMTUzMTg2X24uanBnIiwic2xpZGVzaG93IjoiZjM0ZTAxYSJ9\" href='https:\/\/creactivity.org.ro\/wp-content\/uploads\/2023\/08\/120756730_2805320873126338_8404735693883153186_n.jpg'><img fetchpriority=\"high\" decoding=\"async\" width=\"1888\" height=\"1890\" src=\"https:\/\/creactivity.org.ro\/wp-content\/uploads\/2023\/08\/120756730_2805320873126338_8404735693883153186_n.jpg\" class=\"attachment-full size-full\" alt=\"\" srcset=\"https:\/\/creactivity.org.ro\/wp-content\/uploads\/2023\/08\/120756730_2805320873126338_8404735693883153186_n.jpg 1888w, https:\/\/creactivity.org.ro\/wp-content\/uploads\/2023\/08\/120756730_2805320873126338_8404735693883153186_n-300x300.jpg 300w, https:\/\/creactivity.org.ro\/wp-content\/uploads\/2023\/08\/120756730_2805320873126338_8404735693883153186_n-1024x1024.jpg 1024w, https:\/\/creactivity.org.ro\/wp-content\/uploads\/2023\/08\/120756730_2805320873126338_8404735693883153186_n-150x150.jpg 150w, https:\/\/creactivity.org.ro\/wp-content\/uploads\/2023\/08\/120756730_2805320873126338_8404735693883153186_n-768x769.jpg 768w, https:\/\/creactivity.org.ro\/wp-content\/uploads\/2023\/08\/120756730_2805320873126338_8404735693883153186_n-1534x1536.jpg 1534w\" sizes=\"(max-width: 1888px) 100vw, 1888px\" \/><\/a>\n\t\t\t<\/div><\/figure><figure class='gallery-item'>\n\t\t\t<div class='gallery-icon portrait'>\n\t\t\t\t<a data-elementor-open-lightbox=\"yes\" data-elementor-lightbox-slideshow=\"f34e01a\" data-elementor-lightbox-title=\"120075447_2797860320539060_2263664247381503381_n\" data-e-action-hash=\"#elementor-action%3Aaction%3Dlightbox%26settings%3DeyJpZCI6MTQ1NDcsInVybCI6Imh0dHBzOlwvXC9jcmVhY3Rpdml0eS5vcmcucm9cL3dwLWNvbnRlbnRcL3VwbG9hZHNcLzIwMjNcLzA4XC8xMjAwNzU0NDdfMjc5Nzg2MDMyMDUzOTA2MF8yMjYzNjY0MjQ3MzgxNTAzMzgxX24uanBnIiwic2xpZGVzaG93IjoiZjM0ZTAxYSJ9\" href='https:\/\/creactivity.org.ro\/wp-content\/uploads\/2023\/08\/120075447_2797860320539060_2263664247381503381_n.jpg'><img decoding=\"async\" width=\"1888\" height=\"1890\" src=\"https:\/\/creactivity.org.ro\/wp-content\/uploads\/2023\/08\/120075447_2797860320539060_2263664247381503381_n.jpg\" class=\"attachment-full size-full\" alt=\"\" srcset=\"https:\/\/creactivity.org.ro\/wp-content\/uploads\/2023\/08\/120075447_2797860320539060_2263664247381503381_n.jpg 1888w, https:\/\/creactivity.org.ro\/wp-content\/uploads\/2023\/08\/120075447_2797860320539060_2263664247381503381_n-300x300.jpg 300w, https:\/\/creactivity.org.ro\/wp-content\/uploads\/2023\/08\/120075447_2797860320539060_2263664247381503381_n-1024x1024.jpg 1024w, https:\/\/creactivity.org.ro\/wp-content\/uploads\/2023\/08\/120075447_2797860320539060_2263664247381503381_n-150x150.jpg 150w, https:\/\/creactivity.org.ro\/wp-content\/uploads\/2023\/08\/120075447_2797860320539060_2263664247381503381_n-768x769.jpg 768w, https:\/\/creactivity.org.ro\/wp-content\/uploads\/2023\/08\/120075447_2797860320539060_2263664247381503381_n-1534x1536.jpg 1534w\" sizes=\"(max-width: 1888px) 100vw, 1888px\" \/><\/a>\n\t\t\t<\/div><\/figure><figure class='gallery-item'>\n\t\t\t<div class='gallery-icon landscape'>\n\t\t\t\t<a data-elementor-open-lightbox=\"yes\" data-elementor-lightbox-slideshow=\"f34e01a\" data-elementor-lightbox-title=\"120135474_2797860273872398_2007851945899546543_n\" data-e-action-hash=\"#elementor-action%3Aaction%3Dlightbox%26settings%3DeyJpZCI6MTQ1NTEsInVybCI6Imh0dHBzOlwvXC9jcmVhY3Rpdml0eS5vcmcucm9cL3dwLWNvbnRlbnRcL3VwbG9hZHNcLzIwMjNcLzA4XC8xMjAxMzU0NzRfMjc5Nzg2MDI3Mzg3MjM5OF8yMDA3ODUxOTQ1ODk5NTQ2NTQzX24uanBnIiwic2xpZGVzaG93IjoiZjM0ZTAxYSJ9\" href='https:\/\/creactivity.org.ro\/wp-content\/uploads\/2023\/08\/120135474_2797860273872398_2007851945899546543_n.jpg'><img decoding=\"async\" width=\"1890\" height=\"1890\" src=\"https:\/\/creactivity.org.ro\/wp-content\/uploads\/2023\/08\/120135474_2797860273872398_2007851945899546543_n.jpg\" class=\"attachment-full size-full\" alt=\"\" srcset=\"https:\/\/creactivity.org.ro\/wp-content\/uploads\/2023\/08\/120135474_2797860273872398_2007851945899546543_n.jpg 1890w, https:\/\/creactivity.org.ro\/wp-content\/uploads\/2023\/08\/120135474_2797860273872398_2007851945899546543_n-300x300.jpg 300w, https:\/\/creactivity.org.ro\/wp-content\/uploads\/2023\/08\/120135474_2797860273872398_2007851945899546543_n-1024x1024.jpg 1024w, https:\/\/creactivity.org.ro\/wp-content\/uploads\/2023\/08\/120135474_2797860273872398_2007851945899546543_n-150x150.jpg 150w, https:\/\/creactivity.org.ro\/wp-content\/uploads\/2023\/08\/120135474_2797860273872398_2007851945899546543_n-768x768.jpg 768w, https:\/\/creactivity.org.ro\/wp-content\/uploads\/2023\/08\/120135474_2797860273872398_2007851945899546543_n-1536x1536.jpg 1536w\" sizes=\"(max-width: 1890px) 100vw, 1890px\" \/><\/a>\n\t\t\t<\/div><\/figure><figure class='gallery-item'>\n\t\t\t<div class='gallery-icon portrait'>\n\t\t\t\t<a data-elementor-open-lightbox=\"yes\" data-elementor-lightbox-slideshow=\"f34e01a\" data-elementor-lightbox-title=\"120708757_2805321439792948_7292637446984745047_n\" data-e-action-hash=\"#elementor-action%3Aaction%3Dlightbox%26settings%3DeyJpZCI6MTQ1ODUsInVybCI6Imh0dHBzOlwvXC9jcmVhY3Rpdml0eS5vcmcucm9cL3dwLWNvbnRlbnRcL3VwbG9hZHNcLzIwMjNcLzA4XC8xMjA3MDg3NTdfMjgwNTMyMTQzOTc5Mjk0OF83MjkyNjM3NDQ2OTg0NzQ1MDQ3X24uanBnIiwic2xpZGVzaG93IjoiZjM0ZTAxYSJ9\" href='https:\/\/creactivity.org.ro\/wp-content\/uploads\/2023\/08\/120708757_2805321439792948_7292637446984745047_n.jpg'><img loading=\"lazy\" decoding=\"async\" width=\"1888\" height=\"1890\" src=\"https:\/\/creactivity.org.ro\/wp-content\/uploads\/2023\/08\/120708757_2805321439792948_7292637446984745047_n.jpg\" class=\"attachment-full size-full\" alt=\"\" srcset=\"https:\/\/creactivity.org.ro\/wp-content\/uploads\/2023\/08\/120708757_2805321439792948_7292637446984745047_n.jpg 1888w, https:\/\/creactivity.org.ro\/wp-content\/uploads\/2023\/08\/120708757_2805321439792948_7292637446984745047_n-300x300.jpg 300w, https:\/\/creactivity.org.ro\/wp-content\/uploads\/2023\/08\/120708757_2805321439792948_7292637446984745047_n-1024x1024.jpg 1024w, https:\/\/creactivity.org.ro\/wp-content\/uploads\/2023\/08\/120708757_2805321439792948_7292637446984745047_n-150x150.jpg 150w, https:\/\/creactivity.org.ro\/wp-content\/uploads\/2023\/08\/120708757_2805321439792948_7292637446984745047_n-768x769.jpg 768w, https:\/\/creactivity.org.ro\/wp-content\/uploads\/2023\/08\/120708757_2805321439792948_7292637446984745047_n-1534x1536.jpg 1534w\" sizes=\"(max-width: 1888px) 100vw, 1888px\" \/><\/a>\n\t\t\t<\/div><\/figure><figure class='gallery-item'>\n\t\t\t<div class='gallery-icon portrait'>\n\t\t\t\t<a data-elementor-open-lightbox=\"yes\" data-elementor-lightbox-slideshow=\"f34e01a\" data-elementor-lightbox-title=\"120703946_2805321423126283_3276193563064326836_n\" data-e-action-hash=\"#elementor-action%3Aaction%3Dlightbox%26settings%3DeyJpZCI6MTQ1NzksInVybCI6Imh0dHBzOlwvXC9jcmVhY3Rpdml0eS5vcmcucm9cL3dwLWNvbnRlbnRcL3VwbG9hZHNcLzIwMjNcLzA4XC8xMjA3MDM5NDZfMjgwNTMyMTQyMzEyNjI4M18zMjc2MTkzNTYzMDY0MzI2ODM2X24uanBnIiwic2xpZGVzaG93IjoiZjM0ZTAxYSJ9\" href='https:\/\/creactivity.org.ro\/wp-content\/uploads\/2023\/08\/120703946_2805321423126283_3276193563064326836_n.jpg'><img loading=\"lazy\" decoding=\"async\" width=\"1888\" height=\"1890\" src=\"https:\/\/creactivity.org.ro\/wp-content\/uploads\/2023\/08\/120703946_2805321423126283_3276193563064326836_n.jpg\" class=\"attachment-full size-full\" alt=\"\" srcset=\"https:\/\/creactivity.org.ro\/wp-content\/uploads\/2023\/08\/120703946_2805321423126283_3276193563064326836_n.jpg 1888w, https:\/\/creactivity.org.ro\/wp-content\/uploads\/2023\/08\/120703946_2805321423126283_3276193563064326836_n-300x300.jpg 300w, https:\/\/creactivity.org.ro\/wp-content\/uploads\/2023\/08\/120703946_2805321423126283_3276193563064326836_n-1024x1024.jpg 1024w, https:\/\/creactivity.org.ro\/wp-content\/uploads\/2023\/08\/120703946_2805321423126283_3276193563064326836_n-150x150.jpg 150w, https:\/\/creactivity.org.ro\/wp-content\/uploads\/2023\/08\/120703946_2805321423126283_3276193563064326836_n-768x769.jpg 768w, https:\/\/creactivity.org.ro\/wp-content\/uploads\/2023\/08\/120703946_2805321423126283_3276193563064326836_n-1534x1536.jpg 1534w\" sizes=\"(max-width: 1888px) 100vw, 1888px\" \/><\/a>\n\t\t\t<\/div><\/figure><figure class='gallery-item'>\n\t\t\t<div class='gallery-icon portrait'>\n\t\t\t\t<a data-elementor-open-lightbox=\"yes\" data-elementor-lightbox-slideshow=\"f34e01a\" data-elementor-lightbox-title=\"120647493_2805319549793137_4525554813760700032_n\" data-e-action-hash=\"#elementor-action%3Aaction%3Dlightbox%26settings%3DeyJpZCI6MTQ1NzMsInVybCI6Imh0dHBzOlwvXC9jcmVhY3Rpdml0eS5vcmcucm9cL3dwLWNvbnRlbnRcL3VwbG9hZHNcLzIwMjNcLzA4XC8xMjA2NDc0OTNfMjgwNTMxOTU0OTc5MzEzN180NTI1NTU0ODEzNzYwNzAwMDMyX24uanBnIiwic2xpZGVzaG93IjoiZjM0ZTAxYSJ9\" href='https:\/\/creactivity.org.ro\/wp-content\/uploads\/2023\/08\/120647493_2805319549793137_4525554813760700032_n.jpg'><img loading=\"lazy\" decoding=\"async\" width=\"1888\" height=\"1890\" src=\"https:\/\/creactivity.org.ro\/wp-content\/uploads\/2023\/08\/120647493_2805319549793137_4525554813760700032_n.jpg\" class=\"attachment-full size-full\" alt=\"\" srcset=\"https:\/\/creactivity.org.ro\/wp-content\/uploads\/2023\/08\/120647493_2805319549793137_4525554813760700032_n.jpg 1888w, https:\/\/creactivity.org.ro\/wp-content\/uploads\/2023\/08\/120647493_2805319549793137_4525554813760700032_n-300x300.jpg 300w, https:\/\/creactivity.org.ro\/wp-content\/uploads\/2023\/08\/120647493_2805319549793137_4525554813760700032_n-1024x1024.jpg 1024w, https:\/\/creactivity.org.ro\/wp-content\/uploads\/2023\/08\/120647493_2805319549793137_4525554813760700032_n-150x150.jpg 150w, https:\/\/creactivity.org.ro\/wp-content\/uploads\/2023\/08\/120647493_2805319549793137_4525554813760700032_n-768x769.jpg 768w, https:\/\/creactivity.org.ro\/wp-content\/uploads\/2023\/08\/120647493_2805319549793137_4525554813760700032_n-1534x1536.jpg 1534w\" sizes=\"(max-width: 1888px) 100vw, 1888px\" \/><\/a>\n\t\t\t<\/div><\/figure>\n\t\t<\/div>\n\t\t<\/div>\n\t\t\t\t\t\t<\/div>\n\t\t\t\t<\/div>\n\t\t\t\t\t<\/div>\n\t\t<\/div>\n\t\t\t\t<div class=\"elementor-column elementor-col-50 elementor-top-column elementor-element elementor-element-d48df6d\" data-id=\"d48df6d\" data-element_type=\"column\" data-e-type=\"column\" data-settings=\"{&quot;background_background&quot;:&quot;classic&quot;}\">\n\t\t\t<div class=\"elementor-widget-wrap elementor-element-populated\">\n\t\t\t\t\t\t<div class=\"elementor-element elementor-element-1898c76 elementor-widget elementor-widget-heading\" data-id=\"1898c76\" data-element_type=\"widget\" data-e-type=\"widget\" data-widget_type=\"heading.default\">\n\t\t\t\t<div class=\"elementor-widget-container\">\n\t\t\t\t\t<h2 class=\"elementor-heading-title elementor-size-default\">Creactivity Egyes\u00fclet<\/h2>\t\t\t\t<\/div>\n\t\t\t\t<\/div>\n\t\t\t\t<div class=\"elementor-element elementor-element-b7e626f elementor-widget elementor-widget-text-editor\" data-id=\"b7e626f\" data-element_type=\"widget\" data-e-type=\"widget\" data-widget_type=\"text-editor.default\">\n\t\t\t\t<div class=\"elementor-widget-container\">\n\t\t\t\t\t\t\t\t\t<p>A Creactivity Egyes\u00fclet egy Marosv\u00e1s\u00e1rhelyen m\u0171k\u00f6d\u0151 szervezet, amely kultur\u00e1lis, k\u00f6\u00adz\u00f6ss\u00e9gi \u00e9s sportrendezv\u00e9nyek szervez\u00e9s\u00e9re v\u00e1llalkozik.<\/p><p>Az egyes\u00fcletnek h\u00e1rom c\u00e9lcsoportja van: a\u00a0<b>gyerekek<\/b>,\u00a0<b>\u00f6nk\u00e9ntes fiatalok<\/b> \u00e9s <b>sz\u00fcl\u0151k<\/b>.<\/p>\t\t\t\t\t\t\t\t<\/div>\n\t\t\t\t<\/div>\n\t\t\t\t<div class=\"elementor-element elementor-element-4de92176 elementor-widget elementor-widget-heading\" data-id=\"4de92176\" data-element_type=\"widget\" data-e-type=\"widget\" data-widget_type=\"heading.default\">\n\t\t\t\t<div class=\"elementor-widget-container\">\n\t\t\t\t\t<h2 class=\"elementor-heading-title elementor-size-default\">C\u00e9ljaink:<\/h2>\t\t\t\t<\/div>\n\t\t\t\t<\/div>\n\t\t\t\t<div class=\"elementor-element elementor-element-074219a elementor-align-start elementor-icon-list--layout-traditional elementor-list-item-link-full_width elementor-widget elementor-widget-icon-list\" data-id=\"074219a\" data-element_type=\"widget\" data-e-type=\"widget\" data-widget_type=\"icon-list.default\">\n\t\t\t\t<div class=\"elementor-widget-container\">\n\t\t\t\t\t\t\t<ul class=\"elementor-icon-list-items\">\n\t\t\t\t\t\t\t<li class=\"elementor-icon-list-item\">\n\t\t\t\t\t\t\t\t\t\t\t<span class=\"elementor-icon-list-icon\">\n\t\t\t\t\t\t\t<i aria-hidden=\"true\" class=\"fas fa-arrow-circle-right\"><\/i>\t\t\t\t\t\t<\/span>\n\t\t\t\t\t\t\t\t\t\t<span class=\"elementor-icon-list-text\">gyerekanim\u00e1torok k\u00e9pz\u00e9se gyerekrendezv\u00e9nyek szervez\u00e9s\u00e9re<\/span>\n\t\t\t\t\t\t\t\t\t<\/li>\n\t\t\t\t\t\t\t\t<li class=\"elementor-icon-list-item\">\n\t\t\t\t\t\t\t\t\t\t\t<span class=\"elementor-icon-list-icon\">\n\t\t\t\t\t\t\t<i aria-hidden=\"true\" class=\"fas fa-arrow-circle-right\"><\/i>\t\t\t\t\t\t<\/span>\n\t\t\t\t\t\t\t\t\t\t<span class=\"elementor-icon-list-text\">kultur\u00e1lis, k\u00f6z\u00f6ss\u00e9gi \u00e9s sportrendezv\u00e9nyek szervez\u00e9se<\/span>\n\t\t\t\t\t\t\t\t\t<\/li>\n\t\t\t\t\t\t\t\t<li class=\"elementor-icon-list-item\">\n\t\t\t\t\t\t\t\t\t\t\t<span class=\"elementor-icon-list-icon\">\n\t\t\t\t\t\t\t<i aria-hidden=\"true\" class=\"fas fa-arrow-circle-right\"><\/i>\t\t\t\t\t\t<\/span>\n\t\t\t\t\t\t\t\t\t\t<span class=\"elementor-icon-list-text\">tematikus t\u00e1borok szervez\u00e9se<\/span>\n\t\t\t\t\t\t\t\t\t<\/li>\n\t\t\t\t\t\t\t\t<li class=\"elementor-icon-list-item\">\n\t\t\t\t\t\t\t\t\t\t\t<span class=\"elementor-icon-list-icon\">\n\t\t\t\t\t\t\t<i aria-hidden=\"true\" class=\"fas fa-arrow-circle-right\"><\/i>\t\t\t\t\t\t<\/span>\n\t\t\t\t\t\t\t\t\t\t<span class=\"elementor-icon-list-text\">workshopok szervez\u00e9se<\/span>\n\t\t\t\t\t\t\t\t\t<\/li>\n\t\t\t\t\t\t\t\t<li class=\"elementor-icon-list-item\">\n\t\t\t\t\t\t\t\t\t\t\t<span class=\"elementor-icon-list-icon\">\n\t\t\t\t\t\t\t<i aria-hidden=\"true\" class=\"fas fa-arrow-circle-right\"><\/i>\t\t\t\t\t\t<\/span>\n\t\t\t\t\t\t\t\t\t\t<span class=\"elementor-icon-list-text\">csapat\u00e9p\u00edt\u00e9sek tervez\u00e9se, szervez\u00e9se \u00e9s lebonyol\u00edt\u00e1sa<\/span>\n\t\t\t\t\t\t\t\t\t<\/li>\n\t\t\t\t\t\t\t\t<li class=\"elementor-icon-list-item\">\n\t\t\t\t\t\t\t\t\t\t\t<span class=\"elementor-icon-list-icon\">\n\t\t\t\t\t\t\t<i aria-hidden=\"true\" class=\"fas fa-arrow-circle-right\"><\/i>\t\t\t\t\t\t<\/span>\n\t\t\t\t\t\t\t\t\t\t<span class=\"elementor-icon-list-text\">t\u00e1gabb \u00e9rtelemben: hozz\u00e1j\u00e1rulni a magas sz\u00ednvonal\u00fa gyerekanim\u00e1tor-kult\u00fara kialak\u00edt\u00e1s\u00e1hoz \u00e9s terjeszt\u00e9s\u00e9hez.<\/span>\n\t\t\t\t\t\t\t\t\t<\/li>\n\t\t\t\t\t\t<\/ul>\n\t\t\t\t\t\t<\/div>\n\t\t\t\t<\/div>\n\t\t\t\t<div class=\"elementor-element elementor-element-03938c0 elementor-widget elementor-widget-text-editor\" data-id=\"03938c0\" data-element_type=\"widget\" data-e-type=\"widget\" data-widget_type=\"text-editor.default\">\n\t\t\t\t<div class=\"elementor-widget-container\">\n\t\t\t\t\t\t\t\t\t<p>F\u0151 programunk egy \u00e9vente megrendezett t\u00f6bb napos nemzetk\u00f6zi\u00a0<b>gyerekfesztv\u00e1l<\/b>, amit 2023-ban\u00a0 fogunk hatodszorra megszervezni, ahol \u00e9vente 800-1200 gyerek fordul meg \u00e9s amit 80 \u00f6nk\u00e9ntes seg\u00edts\u00e9g\u00e9vel szervez\u00fcnk meg.<\/p><p>A gyerekek mozg\u00f3s\u00edt\u00e1sa, k\u00e9pess\u00e9geik fejleszt\u00e9se, nevel\u00e9se \u00e9s interakt\u00edv sz\u00f3rakoztat\u00e1sa \u00e1ll tev\u00e9kenys\u00e9geink k\u00f6z\u00e9ppontj\u00e1ban. A j\u00f6v\u0151 nemzed\u00e9k\u00e9t szeretn\u00e9nk kinevelni, az\u00e9rt szervez\u00fcnk sz\u00e1mukra olyan rendezv\u00e9nyeket, ahol tehets\u00e9g\u00fck kibontakozik \u00e9s szem\u00e9lyis\u00e9g\u00fck kiteljesedik.<\/p>\t\t\t\t\t\t\t\t<\/div>\n\t\t\t\t<\/div>\n\t\t\t\t\t<\/div>\n\t\t<\/div>\n\t\t\t\t\t<\/div>\n\t\t<\/section>\n\t\t\t\t<\/div>\n\t\t","protected":false},"excerpt":{"rendered":"<p>&#8222;Tanul\u00e1si \u00e9lm\u00e9nyt teremt\u00fcnk!&#8221; Creactivity Egyes\u00fclet A Creactivity Egyes\u00fclet egy Marosv\u00e1s\u00e1rhelyen m\u0171k\u00f6d\u0151 szervezet, amely kultur\u00e1lis, k\u00f6\u00adz\u00f6ss\u00e9gi \u00e9s sportrendezv\u00e9nyek szervez\u00e9s\u00e9re v\u00e1llalkozik. Az egyes\u00fcletnek h\u00e1rom c\u00e9lcsoportja van: a\u00a0gyerekek,\u00a0\u00f6nk\u00e9ntes fiatalok \u00e9s sz\u00fcl\u0151k. C\u00e9ljaink: gyerekanim\u00e1torok k\u00e9pz\u00e9se gyerekrendezv\u00e9nyek szervez\u00e9s\u00e9re kultur\u00e1lis, k\u00f6z\u00f6ss\u00e9gi \u00e9s sportrendezv\u00e9nyek szervez\u00e9se tematikus t\u00e1borok szervez\u00e9se workshopok szervez\u00e9se csapat\u00e9p\u00edt\u00e9sek tervez\u00e9se, szervez\u00e9se \u00e9s lebonyol\u00edt\u00e1sa t\u00e1gabb \u00e9rtelemben: hozz\u00e1j\u00e1rulni a magas sz\u00ednvonal\u00fa gyerekanim\u00e1tor-kult\u00fara &#8230; <\/p>\n<p class=\"read-more-container\"><a title=\"R\u00f3lunk\" class=\"read-more button\" href=\"https:\/\/creactivity.org.ro\/hu\/rolunk\/#more-13307\">Read more<span class=\"screen-reader-text\">R\u00f3lunk<\/span><\/a><\/p>\n","protected":false},"author":1,"featured_media":0,"parent":0,"menu_order":0,"comment_status":"closed","ping_status":"closed","template":"","meta":{"footnotes":""},"class_list":{"0":"post-13307","1":"page","2":"type-page","3":"status-publish","5":"no-featured-image-padding"},"_links":{"self":[{"href":"https:\/\/creactivity.org.ro\/hu\/wp-json\/wp\/v2\/pages\/13307","targetHints":{"allow":["GET"]}}],"collection":[{"href":"https:\/\/creactivity.org.ro\/hu\/wp-json\/wp\/v2\/pages"}],"about":[{"href":"https:\/\/creactivity.org.ro\/hu\/wp-json\/wp\/v2\/types\/page"}],"author":[{"embeddable":true,"href":"https:\/\/creactivity.org.ro\/hu\/wp-json\/wp\/v2\/users\/1"}],"replies":[{"embeddable":true,"href":"https:\/\/creactivity.org.ro\/hu\/wp-json\/wp\/v2\/comments?post=13307"}],"version-history":[{"count":29,"href":"https:\/\/creactivity.org.ro\/hu\/wp-json\/wp\/v2\/pages\/13307\/revisions"}],"predecessor-version":[{"id":14784,"href":"https:\/\/creactivity.org.ro\/hu\/wp-json\/wp\/v2\/pages\/13307\/revisions\/14784"}],"wp:attachment":[{"href":"https:\/\/creactivity.org.ro\/hu\/wp-json\/wp\/v2\/media?parent=13307"}],"curies":[{"name":"wp","href":"https:\/\/api.w.org\/{rel}","templated":true}]}}